{"id":2,"date":"2020-07-29T18:21:10","date_gmt":"2020-07-29T21:21:10","guid":{"rendered":"http:\/\/www.todoelrato.cl\/?page_id=2"},"modified":"2020-08-03T00:22:08","modified_gmt":"2020-08-03T03:22:08","slug":"pagina-de-ejemplo","status":"publish","type":"page","link":"https:\/\/www.todoelrato.cl\/","title":{"rendered":"Nosotros"},"content":{"rendered":"\n<p>Desde Te Queremos \u00d1u\u00f1oa, programa para la sostenibilidad territorial, hemos iniciado el proceso para desarrollar el v\u00e9rtice de ECONOM\u00cdA SOCIAL Y SOLIDARIA; uno de las \u00e1reas indicadas por el PNUD para el desarrollo sostenible.<\/p>\n\n\n\n<blockquote class=\"wp-block-quote\"><p>Programa para fomentar el comercio de barrio, justo y solidario.<\/p><\/blockquote>\n\n\n\n<h4 class=\"has-text-align-center wp-block-heading\">Si haces productos, ofreces trabajos de oficio o servicios profesionales; inscr\u00edbete en este programa.<\/h4>\n\n\n\n<hr class=\"wp-block-separator\"\/>\n\n\n\n<div class=\"wp-block-buttons is-layout-flex wp-block-buttons-is-layout-flex\">\n<div class=\"wp-block-button is-style-fill\"><a class=\"wp-block-button__link has-text-color has-very-dark-gray-color has-background has-luminous-vivid-orange-background-color\" href=\"https:\/\/docs.google.com\/forms\/d\/1vzLN8e1Tv5c16n9_r-oLF4ZdHZKb2vxetDSqOqFtBD8\/edit?usp=sharing\" target=\"_blank\" rel=\"noreferrer noopener\">REG\u00cdSTRATE AQU\u00cd<\/a><\/div>\n<\/div>\n","protected":false},"excerpt":{"rendered":"<p>Desde Te Queremos \u00d1u\u00f1oa, programa para la sostenibilidad territorial, hemos iniciado el proceso para desarrollar el v\u00e9rtice de ECONOM\u00cdA SOCIAL Y SOLIDARIA; uno de las \u00e1reas indicadas por el PNUD para el desarrollo sostenible. Programa para fomentar el comercio de barrio, justo y solidario. Si haces productos, ofreces trabajos de oficio o servicios profesionales; inscr\u00edbete en este programa.<\/p>\n","protected":false},"author":1,"featured_media":0,"parent":0,"menu_order":0,"comment_status":"closed","ping_status":"open","template":"","meta":{"footnotes":""},"_links":{"self":[{"href":"https:\/\/www.todoelrato.cl\/index.php?rest_route=\/wp\/v2\/pages\/2"}],"collection":[{"href":"https:\/\/www.todoelrato.cl\/index.php?rest_route=\/wp\/v2\/pages"}],"about":[{"href":"https:\/\/www.todoelrato.cl\/index.php?rest_route=\/wp\/v2\/types\/page"}],"author":[{"embeddable":true,"href":"https:\/\/www.todoelrato.cl\/index.php?rest_route=\/wp\/v2\/users\/1"}],"replies":[{"embeddable":true,"href":"https:\/\/www.todoelrato.cl\/index.php?rest_route=%2Fwp%2Fv2%2Fcomments&post=2"}],"version-history":[{"count":9,"href":"https:\/\/www.todoelrato.cl\/index.php?rest_route=\/wp\/v2\/pages\/2\/revisions"}],"predecessor-version":[{"id":82,"href":"https:\/\/www.todoelrato.cl\/index.php?rest_route=\/wp\/v2\/pages\/2\/revisions\/82"}],"wp:attachment":[{"href":"https:\/\/www.todoelrato.cl\/index.php?rest_route=%2Fwp%2Fv2%2Fmedia&parent=2"}],"curies":[{"name":"wp","href":"https:\/\/api.w.org\/{rel}","templated":true}]}}